{"id":27,"date":"2017-02-25T12:51:17","date_gmt":"2017-02-25T11:51:17","guid":{"rendered":"http:\/\/vgp-services.fr\/?page_id=27"},"modified":"2021-11-24T17:26:58","modified_gmt":"2021-11-24T16:26:58","slug":"a-propos-de","status":"publish","type":"page","link":"https:\/\/vgp-services.fr\/index.php\/a-propos-de\/","title":{"rendered":"Extincteurs s\u00e9curit\u00e9 incendie"},"content":{"rendered":"<div><b><img decoding=\"async\" loading=\"lazy\" class=\"alignnone size-full wp-image-142\" src=\"http:\/\/vgp-services.fr\/wp-content\/uploads\/2017\/02\/thumb.jpg\" alt=\"\" width=\"100\" height=\"100\" \/><\/b><\/div>\n<div><\/div>\n<div><strong>La prestation de service s&#8217;\u00e9tant aussi sur la v\u00e9rification de vos extincteurs et la mise en place.<\/strong><\/div>\n<div><\/div>\n<div><strong><span style=\"font-size: inherit;\">Que ce soit pour les magasins ou entreprises diverses, voir m\u00eame pour des particuliers qui ont de plus en plus conscience de l\u2019importance de s\u2019\u00e9quiper aussi bien pour les garages, hangars ou autres.<\/span><\/strong><\/div>\n<div><\/div>\n<div>\n<p><strong>Dans le domaine agricole, de nombreux exploitants me consultent pour la mise en place d\u2019extincteurs dans leurs b\u00e2timents d\u2019\u00e9levage ou d\u2019exploitation, sans compter la mise en place d\u2019extincteurs portatifs dans leurs engins agricoles.<\/strong><\/p>\n<p><strong>Le but est de pouvoir s\u2019\u00e9quiper correctement en cas de d\u00e9part d\u2019incendie dans les exploitations et de prot\u00e9ger autant l\u2019humain que les animaux et le mat\u00e9riel.<\/strong><\/p>\n<\/div>\n<div><\/div>\n<div><b><span style=\"vertical-align: inherit;\"><span style=\"vertical-align: inherit;\"><span style=\"vertical-align: inherit;\"><span style=\"vertical-align: inherit;\">Pour optimiser les co\u00fbts d&#8217;achats de mani\u00e8re g\u00e9n\u00e9rale, les extincteurs sont achet\u00e9s sur les sites fournisseurs suivant les tarifs qui y sont propos\u00e9s.<\/span><\/span><\/span><\/span><\/b><\/div>\n<div><b><span style=\"vertical-align: inherit;\"><span style=\"vertical-align: inherit;\"><span style=\"vertical-align: inherit;\"><span style=\"vertical-align: inherit;\">La facturation ne se fait que sur le contr\u00f4le de l&#8217;appareil et non sur l&#8217;achat du mat\u00e9riel. <\/span><\/span><\/span><span style=\"vertical-align: inherit;\"><span style=\"vertical-align: inherit;\"><span style=\"vertical-align: inherit;\">Ainsi, vous pouvez acheter un appareil au meilleur prix vous m\u00eame si vous le souhaitez.<\/span><\/span><\/span><\/span><\/b><\/div>\n<div><\/div>\n<div><strong><span style=\"vertical-align: inherit;\"><span style=\"vertical-align: inherit;\"><span style=\"vertical-align: inherit;\"><span style=\"vertical-align: inherit;\">Tarif v\u00e9rification par extincteur : 3 euros<\/span><\/span><\/span><\/span><\/strong><\/div>\n<div><strong>Frais de mise en place : 4 euros<\/strong><\/div>\n<div><strong><span style=\"vertical-align: inherit;\"><span style=\"vertical-align: inherit;\"><span style=\"vertical-align: inherit;\"><span style=\"vertical-align: inherit;\">Frais de d\u00e9placement 0,20 centimes par kilom\u00e8tre.<\/span><\/span><\/span><\/span><\/strong><\/div>\n<div><\/div>\n<div><\/div>\n<div><strong><span style=\"vertical-align: inherit;\"><span style=\"vertical-align: inherit;\"><span style=\"vertical-align: inherit;\"><span style=\"vertical-align: inherit;\">P\u00e9riodicit\u00e9 des contr\u00f4les : VGP S\u00e9curit\u00e9 Incendie 1 fois par an.<\/span><\/span><\/span><\/span><\/strong><\/div>\n<div><\/div>\n<div><\/div>\n<div>\n<div><strong><span style=\"vertical-align: inherit;\">Remarque\u00a0:<\/span><\/strong><\/div>\n<div><\/div>\n<div><strong style=\"font-size: inherit;\"><span style=\"vertical-align: inherit;\">Chaque extincteur \u00e0 sa propre signalisation obligatoire, il est important de faciliter l&#8217;acc\u00e8s \u00e0 l&#8217;\u00e9quipement en cas d&#8217;urgence.<\/span><\/strong><\/div>\n<\/div>\n<div>\n<\/div>\n","protected":false},"excerpt":{"rendered":"<p>La prestation de service s&#8217;\u00e9tant aussi sur la v\u00e9rification de vos extincteurs et la mise en place. Que ce soit pour les magasins ou entreprises diverses, voir m\u00eame pour des particuliers qui ont de plus en plus conscience de l\u2019importance de s\u2019\u00e9quiper aussi bien pour les garages, hangars ou autres. Dans le domaine agricole, de &hellip; <\/p>\n<p class=\"link-more\"><a href=\"https:\/\/vgp-services.fr\/index.php\/a-propos-de\/\" class=\"more-link\">Continue reading<span class=\"screen-reader-text\"> &#8220;Extincteurs s\u00e9curit\u00e9 incendie&#8221;<\/span><\/a><\/p>\n","protected":false},"author":1,"featured_media":0,"parent":0,"menu_order":0,"comment_status":"closed","ping_status":"closed","template":"","meta":[],"_links":{"self":[{"href":"https:\/\/vgp-services.fr\/index.php\/wp-json\/wp\/v2\/pages\/27"}],"collection":[{"href":"https:\/\/vgp-services.fr\/index.php\/wp-json\/wp\/v2\/pages"}],"about":[{"href":"https:\/\/vgp-services.fr\/index.php\/wp-json\/wp\/v2\/types\/page"}],"author":[{"embeddable":true,"href":"https:\/\/vgp-services.fr\/index.php\/wp-json\/wp\/v2\/users\/1"}],"replies":[{"embeddable":true,"href":"https:\/\/vgp-services.fr\/index.php\/wp-json\/wp\/v2\/comments?post=27"}],"version-history":[{"count":23,"href":"https:\/\/vgp-services.fr\/index.php\/wp-json\/wp\/v2\/pages\/27\/revisions"}],"predecessor-version":[{"id":341,"href":"https:\/\/vgp-services.fr\/index.php\/wp-json\/wp\/v2\/pages\/27\/revisions\/341"}],"wp:attachment":[{"href":"https:\/\/vgp-services.fr\/index.php\/wp-json\/wp\/v2\/media?parent=27"}],"curies":[{"name":"wp","href":"https:\/\/api.w.org\/{rel}","templated":true}]}}