{"id":28,"date":"2017-02-25T12:51:17","date_gmt":"2017-02-25T11:51:17","guid":{"rendered":"http:\/\/vgp-services.fr\/?page_id=28"},"modified":"2017-02-25T14:54:22","modified_gmt":"2017-02-25T13:54:22","slug":"contact","status":"publish","type":"page","link":"https:\/\/vgp-services.fr\/index.php\/contact\/","title":{"rendered":"Contact"},"content":{"rendered":"<p><strong>Je suis implant\u00e9 depuis le d\u00e9but de l\u2019ann\u00e9e 2014 sur le secteur Ille et Vilaine.<\/strong><\/p>\n<p><strong>Je me d\u00e9place aussi sur les r\u00e9gions voisines.<\/strong><\/p>\n<p><strong>N\u2019h\u00e9sitez pas \u00e0 me contacter et demander un devis<\/strong>.<\/p>\n<p><strong>Mail : lepourcelet.bruno@gmail.com<\/strong><\/p>\n<p><strong>T\u00e9l : 07 79 82 10 08<\/strong><\/p>\n","protected":false},"excerpt":{"rendered":"<p>Je suis implant\u00e9 depuis le d\u00e9but de l\u2019ann\u00e9e 2014 sur le secteur Ille et Vilaine. Je me d\u00e9place aussi sur les r\u00e9gions voisines. N\u2019h\u00e9sitez pas \u00e0 me contacter et demander un devis. Mail : lepourcelet.bruno@gmail.com T\u00e9l : 07 79 82 10 08<\/p>\n","protected":false},"author":1,"featured_media":0,"parent":0,"menu_order":0,"comment_status":"closed","ping_status":"closed","template":"","meta":[],"_links":{"self":[{"href":"https:\/\/vgp-services.fr\/index.php\/wp-json\/wp\/v2\/pages\/28"}],"collection":[{"href":"https:\/\/vgp-services.fr\/index.php\/wp-json\/wp\/v2\/pages"}],"about":[{"href":"https:\/\/vgp-services.fr\/index.php\/wp-json\/wp\/v2\/types\/page"}],"author":[{"embeddable":true,"href":"https:\/\/vgp-services.fr\/index.php\/wp-json\/wp\/v2\/users\/1"}],"replies":[{"embeddable":true,"href":"https:\/\/vgp-services.fr\/index.php\/wp-json\/wp\/v2\/comments?post=28"}],"version-history":[{"count":2,"href":"https:\/\/vgp-services.fr\/index.php\/wp-json\/wp\/v2\/pages\/28\/revisions"}],"predecessor-version":[{"id":74,"href":"https:\/\/vgp-services.fr\/index.php\/wp-json\/wp\/v2\/pages\/28\/revisions\/74"}],"wp:attachment":[{"href":"https:\/\/vgp-services.fr\/index.php\/wp-json\/wp\/v2\/media?parent=28"}],"curies":[{"name":"wp","href":"https:\/\/api.w.org\/{rel}","templated":true}]}}