{"id":30,"date":"2017-02-25T12:51:17","date_gmt":"2017-02-25T11:51:17","guid":{"rendered":"http:\/\/vgp-services.fr\/?page_id=30"},"modified":"2020-01-07T20:37:55","modified_gmt":"2020-01-07T19:37:55","slug":"une-section-de-page-daccueil","status":"publish","type":"page","link":"https:\/\/vgp-services.fr\/index.php\/une-section-de-page-daccueil\/","title":{"rendered":"Cat\u00e9gories"},"content":{"rendered":"\n<figure class=\"wp-block-image size-large is-resized\"><img decoding=\"async\" loading=\"lazy\" src=\"http:\/\/vgp-services.fr\/wp-content\/uploads\/2020\/01\/IMG_0468-768x1024.jpg\" alt=\"\" class=\"wp-image-259\" width=\"447\" height=\"596\" srcset=\"https:\/\/vgp-services.fr\/wp-content\/uploads\/2020\/01\/IMG_0468-768x1024.jpg 768w, https:\/\/vgp-services.fr\/wp-content\/uploads\/2020\/01\/IMG_0468-225x300.jpg 225w, https:\/\/vgp-services.fr\/wp-content\/uploads\/2020\/01\/IMG_0468-1152x1536.jpg 1152w, https:\/\/vgp-services.fr\/wp-content\/uploads\/2020\/01\/IMG_0468-1536x2048.jpg 1536w, https:\/\/vgp-services.fr\/wp-content\/uploads\/2020\/01\/IMG_0468-scaled.jpg 1920w\" sizes=\"(max-width: 447px) 100vw, 447px\" \/><\/figure>\n\n\n<p><strong><img decoding=\"async\" loading=\"lazy\" class=\"alignnone size-full wp-image-148\" src=\"http:\/\/vgp-services.fr\/wp-content\/uploads\/2017\/02\/thumb-1.jpg\" alt=\"\" width=\"100\" height=\"62\" \/><\/strong><\/p>\n<p><strong><span style=\"vertical-align: inherit;\"><span style=\"vertical-align: inherit;\"><span style=\"vertical-align: inherit;\"><span style=\"vertical-align: inherit;\">Cat\u00e9gorie 1<\/span><\/span><\/span><\/span><\/strong><span style=\"vertical-align: inherit;\"><span style=\"vertical-align: inherit;\"><span style=\"vertical-align: inherit;\"><span style=\"vertical-align: inherit;\"> a et b: transpalettes \u00e9lectriques \u00e0 conducteur port\u00e9. <\/span><\/span><\/span><span style=\"vertical-align: inherit;\"><span style=\"vertical-align: inherit;\"><span style=\"vertical-align: inherit;\">Gerbeurs \u00e9lectriques \u00e0 conducteur accompagnant.<\/span><\/span><\/span><\/span><\/p>\n<p><strong><span style=\"vertical-align: inherit;\"><span style=\"vertical-align: inherit;\"><span style=\"vertical-align: inherit;\"><span style=\"vertical-align: inherit;\">Cat\u00e9gorie 3<\/span><\/span><\/span><\/span><\/strong><span style=\"vertical-align: inherit;\"><span style=\"vertical-align: inherit;\"><span style=\"vertical-align: inherit;\"><span style=\"vertical-align: inherit;\"> : chariots \u00e9l\u00e9vateurs \u00e0 fourches en porte-\u00e0-faux avec une capacit\u00e9 de levage inf\u00e9rieure ou \u00e9gale \u00e0 6 tonnes. <\/span><\/span><\/span><span style=\"vertical-align: inherit;\"><span style=\"vertical-align: inherit;\"><span style=\"vertical-align: inherit;\">Sont compris dans cette cat\u00e9gorie les chariots embarqu\u00e9s.<\/span><\/span><\/span><\/span><\/p>\n<p><strong><span style=\"vertical-align: inherit;\"><span style=\"vertical-align: inherit;\"><span style=\"vertical-align: inherit;\"><span style=\"vertical-align: inherit;\">Cat\u00e9gorie 4<\/span><\/span><\/span><\/span><\/strong><span style=\"vertical-align: inherit;\"><span style=\"vertical-align: inherit;\"><span style=\"vertical-align: inherit;\"><span style=\"vertical-align: inherit;\"> : les chariots \u00e9l\u00e9vateurs \u00e0 fourches en porte-\u00e0-faux avec une capacit\u00e9 de levage compris entre 6 tonnes et 10 tonnes.<\/span><\/span><\/span><\/span><\/p>\n<p><strong><span style=\"vertical-align: inherit;\"><span style=\"vertical-align: inherit;\"><span style=\"vertical-align: inherit;\"><span style=\"vertical-align: inherit;\">Cat\u00e9gorie 5<\/span><\/span><\/span><\/span><\/strong><span style=\"vertical-align: inherit;\"><span style=\"vertical-align: inherit;\"><span style=\"vertical-align: inherit;\"><span style=\"vertical-align: inherit;\"> : chariots \u00e0 m\u00e2t r\u00e9tractable. <\/span><\/span><\/span><span style=\"vertical-align: inherit;\"><span style=\"vertical-align: inherit;\"><span style=\"vertical-align: inherit;\">Sont compris dans cette cat\u00e9gorie, les chariots \u00e0 prise lat\u00e9rale, les chariots \u00e0 poste \u00e9levable.<\/span><\/span><\/span><\/span><\/p>\n<p><strong><span style=\"vertical-align: inherit;\"><span style=\"vertical-align: inherit;\"><span style=\"vertical-align: inherit;\"><span style=\"vertical-align: inherit;\">Contr\u00f4le des Nacelles PEMP<\/span><\/span><\/span><\/span><\/strong><\/p>\n<p><span style=\"vertical-align: inherit;\"><span style=\"vertical-align: inherit;\"><span style=\"vertical-align: inherit;\"><span style=\"vertical-align: inherit;\">Contr\u00f4le 1 A-Cat\u00e9gorie 2 A-Cat\u00e9gorie 3 A<\/span><\/span><\/span><\/span><\/p>\n<p><span style=\"vertical-align: inherit;\"><span style=\"vertical-align: inherit;\"><span style=\"vertical-align: inherit;\"><span style=\"vertical-align: inherit;\">Contr\u00f4le 1 B-Cat\u00e9gorie 2 B-Cat\u00e9gorie 3 b<\/span><\/span><\/span><\/span><\/p>","protected":false},"excerpt":{"rendered":"<p>Cat\u00e9gorie 1 a et b: transpalettes \u00e9lectriques \u00e0 conducteur port\u00e9. Gerbeurs \u00e9lectriques \u00e0 conducteur accompagnant. Cat\u00e9gorie 3 : chariots \u00e9l\u00e9vateurs \u00e0 fourches en porte-\u00e0-faux avec une capacit\u00e9 de levage inf\u00e9rieure ou \u00e9gale \u00e0 6 tonnes. Sont compris dans cette cat\u00e9gorie les chariots embarqu\u00e9s. Cat\u00e9gorie 4 : les chariots \u00e9l\u00e9vateurs \u00e0 fourches en porte-\u00e0-faux avec une &hellip; <\/p>\n<p class=\"link-more\"><a href=\"https:\/\/vgp-services.fr\/index.php\/une-section-de-page-daccueil\/\" class=\"more-link\">Continue reading<span class=\"screen-reader-text\"> &#8220;Cat\u00e9gories&#8221;<\/span><\/a><\/p>\n","protected":false},"author":1,"featured_media":0,"parent":0,"menu_order":0,"comment_status":"closed","ping_status":"closed","template":"","meta":[],"_links":{"self":[{"href":"https:\/\/vgp-services.fr\/index.php\/wp-json\/wp\/v2\/pages\/30"}],"collection":[{"href":"https:\/\/vgp-services.fr\/index.php\/wp-json\/wp\/v2\/pages"}],"about":[{"href":"https:\/\/vgp-services.fr\/index.php\/wp-json\/wp\/v2\/types\/page"}],"author":[{"embeddable":true,"href":"https:\/\/vgp-services.fr\/index.php\/wp-json\/wp\/v2\/users\/1"}],"replies":[{"embeddable":true,"href":"https:\/\/vgp-services.fr\/index.php\/wp-json\/wp\/v2\/comments?post=30"}],"version-history":[{"count":10,"href":"https:\/\/vgp-services.fr\/index.php\/wp-json\/wp\/v2\/pages\/30\/revisions"}],"predecessor-version":[{"id":339,"href":"https:\/\/vgp-services.fr\/index.php\/wp-json\/wp\/v2\/pages\/30\/revisions\/339"}],"wp:attachment":[{"href":"https:\/\/vgp-services.fr\/index.php\/wp-json\/wp\/v2\/media?parent=30"}],"curies":[{"name":"wp","href":"https:\/\/api.w.org\/{rel}","templated":true}]}}