{"id":319,"date":"2020-01-10T19:09:02","date_gmt":"2020-01-10T18:09:02","guid":{"rendered":"http:\/\/vgp-services.fr\/?page_id=319"},"modified":"2020-01-10T19:09:02","modified_gmt":"2020-01-10T18:09:02","slug":"formation-securite-incendie","status":"publish","type":"page","link":"https:\/\/vgp-services.fr\/index.php\/formation-securite-incendie\/","title":{"rendered":"Formation s\u00e9curit\u00e9 Incendie"},"content":{"rendered":"\n<figure class=\"wp-block-image size-large\"><img decoding=\"async\" loading=\"lazy\" width=\"1024\" height=\"576\" src=\"http:\/\/vgp-services.fr\/wp-content\/uploads\/2020\/01\/IMG_0254-1024x576.jpg\" alt=\"\" class=\"wp-image-314\" srcset=\"https:\/\/vgp-services.fr\/wp-content\/uploads\/2020\/01\/IMG_0254-1024x576.jpg 1024w, https:\/\/vgp-services.fr\/wp-content\/uploads\/2020\/01\/IMG_0254-300x169.jpg 300w, https:\/\/vgp-services.fr\/wp-content\/uploads\/2020\/01\/IMG_0254-768x432.jpg 768w, https:\/\/vgp-services.fr\/wp-content\/uploads\/2020\/01\/IMG_0254-1536x864.jpg 1536w, https:\/\/vgp-services.fr\/wp-content\/uploads\/2020\/01\/IMG_0254.jpg 1920w\" sizes=\"(max-width: 767px) 89vw, (max-width: 1000px) 54vw, (max-width: 1071px) 543px, 580px\" \/><\/figure>\n\n\n\n<p><strong>Formation sur la v\u00e9rification des extincteurs :<\/strong><\/p>\n\n\n\n<p><strong>Objectif de la formation :<\/strong><\/p>\n\n\n\n<p><strong>A l\u2019issue de la formation, la personne devra \u00eatre capable de contr\u00f4ler des appareils types, extincteurs mobiles et fixes, permanent et auxiliaires. D\u2019\u00e9tablir un rapport pr\u00e9cis de contr\u00f4le, d\u2019\u00e9valuer les risques et de conseiller sa client\u00e8le.<\/strong><\/p>\n\n\n\n<p><strong>D\u2019\u00eatre capable de former du personnel \u00e0 la manipulation des extincteurs en d\u00e9part de feu, et de former sur les consignes de s\u00e9curit\u00e9.<\/strong><\/p>\n\n\n\n<p><strong>D\u2019\u00eatre capable de se mettre \u00e0 son compte si la personne le souhaite en tant que contr\u00f4leur ind\u00e9pendant.<\/strong><\/p>\n\n\n\n<figure class=\"wp-block-image size-large\"><img decoding=\"async\" loading=\"lazy\" width=\"1024\" height=\"576\" src=\"http:\/\/vgp-services.fr\/wp-content\/uploads\/2020\/01\/IMG_0251-1024x576.jpg\" alt=\"\" class=\"wp-image-311\" srcset=\"https:\/\/vgp-services.fr\/wp-content\/uploads\/2020\/01\/IMG_0251-1024x576.jpg 1024w, https:\/\/vgp-services.fr\/wp-content\/uploads\/2020\/01\/IMG_0251-300x169.jpg 300w, https:\/\/vgp-services.fr\/wp-content\/uploads\/2020\/01\/IMG_0251-768x432.jpg 768w, https:\/\/vgp-services.fr\/wp-content\/uploads\/2020\/01\/IMG_0251-1536x864.jpg 1536w, https:\/\/vgp-services.fr\/wp-content\/uploads\/2020\/01\/IMG_0251.jpg 1920w\" sizes=\"(max-width: 767px) 89vw, (max-width: 1000px) 54vw, (max-width: 1071px) 543px, 580px\" \/><\/figure>\n\n\n\n<p><strong>Publique vis\u00e9&nbsp;:<\/strong><\/p>\n\n\n\n<p><strong>Tous types de personnes d\u00e9sireuses de s\u2019investirent dans ce domaine.<\/strong><\/p>\n\n\n\n<p><strong>Personnes en recherche d\u2019emploi.<\/strong><\/p>\n\n\n\n<p><strong>Moyens p\u00e9dagogiques mis en place&nbsp;:<\/strong><\/p>\n\n\n\n<ul><li><strong>Documents techniques (rapports de contr\u00f4le, INRS\u2026)<\/strong><\/li><li><strong>R\u00e9troprojecteurs <\/strong><\/li><li><strong>Classeurs remis aux stagiaires (module)<\/strong><\/li><li><strong>Extincteurs portatifs auxiliaires et permanents. <\/strong><\/li><\/ul>\n\n\n\n<p>&nbsp;&nbsp;&nbsp;&nbsp;&nbsp;&nbsp;&nbsp;&nbsp;&nbsp;&nbsp;&nbsp;&nbsp;&nbsp; <strong>Dur\u00e9e du stage&nbsp;:<\/strong><\/p>\n\n\n\n<p>&nbsp;&nbsp;&nbsp;&nbsp;&nbsp;&nbsp;&nbsp;&nbsp;&nbsp;&nbsp;&nbsp;&nbsp; <strong>Le stage se d\u00e9roulera sur une p\u00e9riode de 3 jours du mardi au jeudi.<\/strong><\/p>\n\n\n\n<p><strong>Environ 3 jours de travail sur support classeur et&nbsp; sur terrain, suivant la perception des stagiaires. Soit au total 24 heures de formation.<\/strong><\/p>\n\n\n\n<p><strong>Demander un devis ! C&#8217;est gratuit !!<\/strong><\/p>\n\n\n\n<figure class=\"wp-block-image size-large\"><img decoding=\"async\" loading=\"lazy\" width=\"1024\" height=\"576\" src=\"http:\/\/vgp-services.fr\/wp-content\/uploads\/2020\/01\/IMG_0252-1-1024x576.jpg\" alt=\"\" class=\"wp-image-325\" srcset=\"https:\/\/vgp-services.fr\/wp-content\/uploads\/2020\/01\/IMG_0252-1-1024x576.jpg 1024w, https:\/\/vgp-services.fr\/wp-content\/uploads\/2020\/01\/IMG_0252-1-300x169.jpg 300w, https:\/\/vgp-services.fr\/wp-content\/uploads\/2020\/01\/IMG_0252-1-768x432.jpg 768w, https:\/\/vgp-services.fr\/wp-content\/uploads\/2020\/01\/IMG_0252-1-1536x864.jpg 1536w, https:\/\/vgp-services.fr\/wp-content\/uploads\/2020\/01\/IMG_0252-1.jpg 1920w\" sizes=\"(max-width: 767px) 89vw, (max-width: 1000px) 54vw, (max-width: 1071px) 543px, 580px\" \/><\/figure>\n","protected":false},"excerpt":{"rendered":"<p>Formation sur la v\u00e9rification des extincteurs : Objectif de la formation : A l\u2019issue de la formation, la personne devra \u00eatre capable de contr\u00f4ler des appareils types, extincteurs mobiles et fixes, permanent et auxiliaires. D\u2019\u00e9tablir un rapport pr\u00e9cis de contr\u00f4le, d\u2019\u00e9valuer les risques et de conseiller sa client\u00e8le. D\u2019\u00eatre capable de former du personnel \u00e0 &hellip; <\/p>\n<p class=\"link-more\"><a href=\"https:\/\/vgp-services.fr\/index.php\/formation-securite-incendie\/\" class=\"more-link\">Continue reading<span class=\"screen-reader-text\"> &#8220;Formation s\u00e9curit\u00e9 Incendie&#8221;<\/span><\/a><\/p>\n","protected":false},"author":1,"featured_media":0,"parent":0,"menu_order":0,"comment_status":"closed","ping_status":"closed","template":"","meta":[],"_links":{"self":[{"href":"https:\/\/vgp-services.fr\/index.php\/wp-json\/wp\/v2\/pages\/319"}],"collection":[{"href":"https:\/\/vgp-services.fr\/index.php\/wp-json\/wp\/v2\/pages"}],"about":[{"href":"https:\/\/vgp-services.fr\/index.php\/wp-json\/wp\/v2\/types\/page"}],"author":[{"embeddable":true,"href":"https:\/\/vgp-services.fr\/index.php\/wp-json\/wp\/v2\/users\/1"}],"replies":[{"embeddable":true,"href":"https:\/\/vgp-services.fr\/index.php\/wp-json\/wp\/v2\/comments?post=319"}],"version-history":[{"count":7,"href":"https:\/\/vgp-services.fr\/index.php\/wp-json\/wp\/v2\/pages\/319\/revisions"}],"predecessor-version":[{"id":327,"href":"https:\/\/vgp-services.fr\/index.php\/wp-json\/wp\/v2\/pages\/319\/revisions\/327"}],"wp:attachment":[{"href":"https:\/\/vgp-services.fr\/index.php\/wp-json\/wp\/v2\/media?parent=319"}],"curies":[{"name":"wp","href":"https:\/\/api.w.org\/{rel}","templated":true}]}}