{"id":90,"date":"2017-02-25T15:32:16","date_gmt":"2017-02-25T14:32:16","guid":{"rendered":"http:\/\/vgp-services.fr\/?page_id=90"},"modified":"2020-01-10T18:47:49","modified_gmt":"2020-01-10T17:47:49","slug":"formation-manipulation-extincteurs","status":"publish","type":"page","link":"https:\/\/vgp-services.fr\/index.php\/formation-manipulation-extincteurs\/","title":{"rendered":"Formation Manipulation Extincteurs"},"content":{"rendered":"\n<figure class=\"wp-block-image size-large\"><img decoding=\"async\" loading=\"lazy\" width=\"576\" height=\"1024\" src=\"http:\/\/vgp-services.fr\/wp-content\/uploads\/2020\/01\/IMG_0116-576x1024.jpg\" alt=\"\" class=\"wp-image-316\" srcset=\"https:\/\/vgp-services.fr\/wp-content\/uploads\/2020\/01\/IMG_0116-576x1024.jpg 576w, https:\/\/vgp-services.fr\/wp-content\/uploads\/2020\/01\/IMG_0116-169x300.jpg 169w, https:\/\/vgp-services.fr\/wp-content\/uploads\/2020\/01\/IMG_0116-768x1365.jpg 768w, https:\/\/vgp-services.fr\/wp-content\/uploads\/2020\/01\/IMG_0116-864x1536.jpg 864w, https:\/\/vgp-services.fr\/wp-content\/uploads\/2020\/01\/IMG_0116.jpg 1080w\" sizes=\"(max-width: 576px) 100vw, 576px\" \/><\/figure>\n\n\n\n<p><\/p>\n\n\n<div id=\"ct_16863826\" class=\"Block Type_Text\">\n<div class=\"Block_Wrapper\">\n<div class=\"wsCtText\">\n<p><strong><img decoding=\"async\" loading=\"lazy\" class=\"alignnone wp-image-144\" src=\"http:\/\/vgp-services.fr\/wp-content\/uploads\/2017\/02\/t\u00e9l\u00e9chargement.png\" alt=\"\" width=\"147\" height=\"147\" \/>\u00a0 \u00a0 \u00a0 \u00a0 \u00a0 \u00a0 \u00a0 \u00a0 \u00a0 \u00a0 \u00a0 \u00a0 \u00a0<\/strong><\/p>\n<p><strong><span style=\"vertical-align: inherit;\"><span style=\"vertical-align: inherit;\"><span style=\"vertical-align: inherit;\"><span style=\"vertical-align: inherit;\">Objectif de la formation:\u00a0<\/span><\/span><\/span><\/span><\/strong><\/p>\n<p><strong><span style=\"vertical-align: inherit;\"><span style=\"vertical-align: inherit;\">Le but \u00e9tant de permettre de d\u00e9velopper la capacit\u00e9 d&#8217;analyse et de r\u00e9activit\u00e9 du personnel, dans le but d&#8217;\u00e9teindre les diff\u00e9rentes classes de feu avec les extincteurs concern\u00e9s \u00e0 diverses situations.<\/span><\/span><\/strong><\/p>\n<p><strong><span style=\"vertical-align: inherit;\"><span style=\"vertical-align: inherit;\">Programme de la formation:<\/span><\/span><\/strong><\/p>\n<p><span style=\"vertical-align: inherit;\"><span style=\"vertical-align: inherit;\">&#8211; consignes de s\u00e9curit\u00e9 de l&#8217;\u00e9tablissement.<\/span><\/span><\/p>\n<p><span style=\"vertical-align: inherit;\"><span style=\"vertical-align: inherit;\">&#8211; Triangle du feu.<\/span><\/span><\/p>\n<p><span style=\"vertical-align: inherit;\"><span style=\"vertical-align: inherit;\">&#8211; Principales causes de feu.<\/span><\/span><\/p>\n<p><span style=\"vertical-align: inherit;\"><span style=\"vertical-align: inherit;\">&#8211; Classes de feux:<\/span><\/span><\/p>\n<p><span style=\"vertical-align: inherit;\"><span style=\"vertical-align: inherit;\">classe A: feux de mat\u00e9riaux solides formant des braises.<\/span><\/span><\/p>\n<p><span style=\"vertical-align: inherit;\"><span style=\"vertical-align: inherit;\">classe B: feux de liquides ou de solides liqu\u00e9fiables.<\/span><\/span><\/p>\n<p><span style=\"vertical-align: inherit;\"><span style=\"vertical-align: inherit;\">classe D: feux de m\u00e9taux.<\/span><\/span><\/p>\n<p><span style=\"vertical-align: inherit;\"><span style=\"vertical-align: inherit;\">classe F: feux d&#8217;huiles et graisses v\u00e9g\u00e9tales ou animales.<\/span><\/span><\/p>\n<p><span style=\"vertical-align: inherit;\"><span style=\"vertical-align: inherit;\">&#8211; Agents extincteurs (eau + <\/span><\/span><strong><span style=\"vertical-align: inherit;\"><span style=\"vertical-align: inherit;\">additifs,<\/span><\/span><\/strong><span style=\"vertical-align: inherit;\"><span style=\"vertical-align: inherit;\"> poudre, dioxyde de carbone CO2)<\/span><\/span><\/p>\n<p>\u00a0<\/p>\n<\/div>\n<\/div>\n<\/div>\n<div id=\"ct_16863831\" class=\"Block Type_Text\">\n<div class=\"Block_Wrapper\">\n<div class=\"wsCtText\">\n<p><span style=\"vertical-align: inherit;\"><span style=\"vertical-align: inherit;\">Manipulation d&#8217;un extincteur.<\/span><\/span><\/p>\n<p><span style=\"vertical-align: inherit;\"><span style=\"vertical-align: inherit;\">Modes et proc\u00e9d\u00e9s d&#8217;extinction.<\/span><\/span><\/p>\n<p><span style=\"vertical-align: inherit;\"><span style=\"vertical-align: inherit;\"><span style=\"vertical-align: inherit;\"><span style=\"vertical-align: inherit;\">Mode d&#8217;emploi de diff\u00e9rents types d&#8217;extincteur et caract\u00e9ristiques techniques (extincteur portatif, extincteur mobile, extincteur fixe).<\/span><\/span><\/span><\/span><\/p>\n<p><span style=\"vertical-align: inherit;\"><span style=\"vertical-align: inherit;\"><span style=\"vertical-align: inherit;\"><span style=\"vertical-align: inherit;\">Extincteur \u00e0 pression auxiliaire et permanent.<\/span><\/span><\/span><\/span><\/p>\n<p><strong><span style=\"vertical-align: inherit;\"><span style=\"vertical-align: inherit;\"><span style=\"vertical-align: inherit;\"><span style=\"vertical-align: inherit;\">En pratique:<\/span><\/span><\/span><\/span><\/strong><\/p>\n<p><span style=\"vertical-align: inherit;\"><span style=\"vertical-align: inherit;\"><span style=\"vertical-align: inherit;\"><span style=\"vertical-align: inherit;\">Manipulation et intervention individuelle sur feux r\u00e9els de classe A, B.<\/span><\/span><\/span><\/span><\/p>\n<p><span style=\"vertical-align: inherit;\"><span style=\"vertical-align: inherit;\"><span style=\"vertical-align: inherit;\"><span style=\"vertical-align: inherit;\">Comment utiliser un extincteur.<\/span><\/span><\/span><\/span><\/p>\n<p><span style=\"vertical-align: inherit;\"><span style=\"vertical-align: inherit;\"><span style=\"vertical-align: inherit;\"><span style=\"vertical-align: inherit;\">Chaque participant re\u00e7oit un document de synth\u00e8se lors de la formation.<\/span><\/span><\/span><\/span><\/p>\n<\/div>\n<\/div>\n<\/div>\n\n\n<figure class=\"wp-block-image size-large\"><img decoding=\"async\" loading=\"lazy\" width=\"576\" height=\"1024\" src=\"http:\/\/vgp-services.fr\/wp-content\/uploads\/2020\/01\/IMG_0115-576x1024.jpg\" alt=\"\" class=\"wp-image-315\" srcset=\"https:\/\/vgp-services.fr\/wp-content\/uploads\/2020\/01\/IMG_0115-576x1024.jpg 576w, https:\/\/vgp-services.fr\/wp-content\/uploads\/2020\/01\/IMG_0115-169x300.jpg 169w, https:\/\/vgp-services.fr\/wp-content\/uploads\/2020\/01\/IMG_0115-768x1365.jpg 768w, https:\/\/vgp-services.fr\/wp-content\/uploads\/2020\/01\/IMG_0115-864x1536.jpg 864w, https:\/\/vgp-services.fr\/wp-content\/uploads\/2020\/01\/IMG_0115.jpg 1080w\" sizes=\"(max-width: 576px) 100vw, 576px\" \/><\/figure>\n\n\n\n<figure class=\"wp-block-image size-large is-resized\"><img decoding=\"async\" loading=\"lazy\" src=\"http:\/\/vgp-services.fr\/wp-content\/uploads\/2017\/02\/Photos-Iphone-027-1024x768.jpg\" alt=\"\" class=\"wp-image-206\" width=\"501\" height=\"376\" srcset=\"https:\/\/vgp-services.fr\/wp-content\/uploads\/2017\/02\/Photos-Iphone-027-1024x768.jpg 1024w, https:\/\/vgp-services.fr\/wp-content\/uploads\/2017\/02\/Photos-Iphone-027-300x225.jpg 300w, https:\/\/vgp-services.fr\/wp-content\/uploads\/2017\/02\/Photos-Iphone-027-768x576.jpg 768w\" sizes=\"(max-width: 501px) 100vw, 501px\" \/><\/figure>\n","protected":false},"excerpt":{"rendered":"<p>\u00a0 \u00a0 \u00a0 \u00a0 \u00a0 \u00a0 \u00a0 \u00a0 \u00a0 \u00a0 \u00a0 \u00a0 \u00a0 Objectif de la formation:\u00a0 Le but \u00e9tant de permettre de d\u00e9velopper la capacit\u00e9 d&#8217;analyse et de r\u00e9activit\u00e9 du personnel, dans le but d&#8217;\u00e9teindre les diff\u00e9rentes classes de feu avec les extincteurs concern\u00e9s \u00e0 diverses situations. Programme de la formation: &#8211; consignes de &hellip; <\/p>\n<p class=\"link-more\"><a href=\"https:\/\/vgp-services.fr\/index.php\/formation-manipulation-extincteurs\/\" class=\"more-link\">Continue reading<span class=\"screen-reader-text\"> &#8220;Formation Manipulation Extincteurs&#8221;<\/span><\/a><\/p>\n","protected":false},"author":1,"featured_media":0,"parent":0,"menu_order":0,"comment_status":"closed","ping_status":"closed","template":"","meta":[],"_links":{"self":[{"href":"https:\/\/vgp-services.fr\/index.php\/wp-json\/wp\/v2\/pages\/90"}],"collection":[{"href":"https:\/\/vgp-services.fr\/index.php\/wp-json\/wp\/v2\/pages"}],"about":[{"href":"https:\/\/vgp-services.fr\/index.php\/wp-json\/wp\/v2\/types\/page"}],"author":[{"embeddable":true,"href":"https:\/\/vgp-services.fr\/index.php\/wp-json\/wp\/v2\/users\/1"}],"replies":[{"embeddable":true,"href":"https:\/\/vgp-services.fr\/index.php\/wp-json\/wp\/v2\/comments?post=90"}],"version-history":[{"count":8,"href":"https:\/\/vgp-services.fr\/index.php\/wp-json\/wp\/v2\/pages\/90\/revisions"}],"predecessor-version":[{"id":332,"href":"https:\/\/vgp-services.fr\/index.php\/wp-json\/wp\/v2\/pages\/90\/revisions\/332"}],"wp:attachment":[{"href":"https:\/\/vgp-services.fr\/index.php\/wp-json\/wp\/v2\/media?parent=90"}],"curies":[{"name":"wp","href":"https:\/\/api.w.org\/{rel}","templated":true}]}}