{"id":97,"date":"2017-02-25T15:49:15","date_gmt":"2017-02-25T14:49:15","guid":{"rendered":"http:\/\/vgp-services.fr\/?page_id=97"},"modified":"2020-01-09T17:29:35","modified_gmt":"2020-01-09T16:29:35","slug":"formation-v-g-p-levage","status":"publish","type":"page","link":"https:\/\/vgp-services.fr\/index.php\/formation-v-g-p-levage\/","title":{"rendered":"Formation sur la v\u00e9rification g\u00e9n\u00e9rale p\u00e9riodique des appareils de levage"},"content":{"rendered":"\n<figure class=\"wp-block-image size-large\"><img decoding=\"async\" loading=\"lazy\" width=\"768\" height=\"1024\" src=\"http:\/\/vgp-services.fr\/wp-content\/uploads\/2020\/01\/IMG_0467-768x1024.jpg\" alt=\"\" class=\"wp-image-307\" srcset=\"https:\/\/vgp-services.fr\/wp-content\/uploads\/2020\/01\/IMG_0467-768x1024.jpg 768w, https:\/\/vgp-services.fr\/wp-content\/uploads\/2020\/01\/IMG_0467-225x300.jpg 225w, https:\/\/vgp-services.fr\/wp-content\/uploads\/2020\/01\/IMG_0467-1152x1536.jpg 1152w, https:\/\/vgp-services.fr\/wp-content\/uploads\/2020\/01\/IMG_0467-1536x2048.jpg 1536w, https:\/\/vgp-services.fr\/wp-content\/uploads\/2020\/01\/IMG_0467-scaled.jpg 1920w\" sizes=\"(max-width: 767px) 89vw, (max-width: 1000px) 54vw, (max-width: 1071px) 543px, 580px\" \/><\/figure>\n\n\n<p><strong>\u00a0 \u00a0 \u00a0 \u00a0 \u00a0 \u00a0 \u00a0Formation technicien contr\u00f4leur sur appareils de levage<\/strong><\/p>\n<p><strong>Le contenu de la formation :<\/strong><\/p>\n<ul>\n<li><strong>La r\u00e9glementation : arr\u00eat\u00e9 du 1 mars 2004 relatif aux v\u00e9rifications des appareils et accessoires de levage. Version consolid\u00e9e au 18 Juillet 2017.<\/strong><\/li>\n<li><strong>La recommandation de la CNAMTS : en exemple,<\/strong><strong>\u00a0le conducteur doit inspecter quotidiennement avant utilisation et en tout cas avant chaque prise de poste les diff\u00e9rents \u00e9l\u00e9ments du chariot&#8230;\u00a0 \u00a0 <\/strong><\/li>\n<li><strong>INRS : documentation<\/strong><\/li>\n<li><strong>Les NORMES&#8230;<\/strong><\/li>\n<li><strong>Le marquage CE&#8230;<\/strong><\/li>\n<li><strong>Les rapports de v\u00e9rifications\u00a0<\/strong><\/li>\n<li><strong>Module sur pont roulant<\/strong><\/li>\n<li><strong>Module sur les chariots \u00e9l\u00e9vateurs, gerbeurs&#8230;..<\/strong><\/li>\n<li><strong>Module sur les engins de chantier en cat\u00e9gories : 1\/2\/4\/9<\/strong><\/li>\n<li><strong>Module sur les accessoires de levage, \u00e9lingues, harnais&#8230;<\/strong><\/li>\n<li><b>Module sur les nacelles \u00e9l\u00e9vatrices PEMP (Plates-formes \u00c9l\u00e9vatrices Mobiles de\u00a0<\/b><b>Personnel.<\/b><\/li>\n<li><strong>Module sur les grues\u00a0<\/strong><b>auxiliaires<\/b><\/li>\n<li><strong>Module sur les bras de levage ou Ampliroll<\/strong><\/li>\n<li><strong>Module sur les hayons \u00e9l\u00e9vateur<\/strong><\/li>\n<\/ul>\n<p><strong>\u00a0 <\/strong><strong><span style=\"vertical-align: inherit;\"><span style=\"vertical-align: inherit;\"><span style=\"vertical-align: inherit;\"><span style=\"vertical-align: inherit;\">Objectifs terrain :<\/span><\/span><\/span><\/span><\/strong><\/p>\n<p><strong>Tout d&#8217;abord : travailler en s\u00e9curit\u00e9 pour vous et les autres !!<\/strong><\/p>\n<p><span style=\"vertical-align: inherit;\"><span style=\"vertical-align: inherit;\"><span style=\"vertical-align: inherit;\"><span style=\"vertical-align: inherit;\">Etape importante, le diagnostic qui permet de v\u00e9rifier toutes les anomalies et de mettre en place aupr\u00e8s du responsable de l&#8217;entreprise les interventions n\u00e9cessaires afin de maintenir en bon \u00e9tat les appareils de levage.<\/span><\/span><\/span><\/span><\/p>\n<p>Pour cela, en formation sur le terrain, vous devez \u00eatre capable de r\u00e9aliser les inspections n\u00e9cessaires suivant un rapport de v\u00e9rification pr\u00e9cis et suivre les \u00e9tapes pas \u00e0 pas sur l&#8217;\u00e9tat de l&#8217;appareil en prenant des mesures sur des points bien d\u00e9finis.<\/p>\n<p>De v\u00e9rifier tous les \u00e9l\u00e9ments de s\u00e9curit\u00e9, l&#8217;\u00e9tat de conservation de l&#8217;appareil, la Charge Maximale Utilisable.<\/p>\n<p>De pouvoir transmettre aupr\u00e8s du client les informations essentielles sur le bon \u00e9tat de l&#8217;appareil, les entretiens n\u00e9cessaires et\u00a0 les anomalies constat\u00e9es.<\/p>\n<p>\u00a0<\/p>\n\n\n<figure class=\"wp-block-image size-large\"><img decoding=\"async\" loading=\"lazy\" width=\"1024\" height=\"768\" src=\"http:\/\/vgp-services.fr\/wp-content\/uploads\/2020\/01\/IMG_0419-1024x768.jpg\" alt=\"\" class=\"wp-image-281\" srcset=\"https:\/\/vgp-services.fr\/wp-content\/uploads\/2020\/01\/IMG_0419-1024x768.jpg 1024w, https:\/\/vgp-services.fr\/wp-content\/uploads\/2020\/01\/IMG_0419-300x225.jpg 300w, https:\/\/vgp-services.fr\/wp-content\/uploads\/2020\/01\/IMG_0419-768x576.jpg 768w, https:\/\/vgp-services.fr\/wp-content\/uploads\/2020\/01\/IMG_0419-1536x1152.jpg 1536w, https:\/\/vgp-services.fr\/wp-content\/uploads\/2020\/01\/IMG_0419-2048x1536.jpg 2048w\" sizes=\"(max-width: 767px) 89vw, (max-width: 1000px) 54vw, (max-width: 1071px) 543px, 580px\" \/><\/figure>\n","protected":false},"excerpt":{"rendered":"<p>\u00a0 \u00a0 \u00a0 \u00a0 \u00a0 \u00a0 \u00a0Formation technicien contr\u00f4leur sur appareils de levage Le contenu de la formation : La r\u00e9glementation : arr\u00eat\u00e9 du 1 mars 2004 relatif aux v\u00e9rifications des appareils et accessoires de levage. Version consolid\u00e9e au 18 Juillet 2017. La recommandation de la CNAMTS : en exemple,\u00a0le conducteur doit inspecter quotidiennement avant &hellip; <\/p>\n<p class=\"link-more\"><a href=\"https:\/\/vgp-services.fr\/index.php\/formation-v-g-p-levage\/\" class=\"more-link\">Continue reading<span class=\"screen-reader-text\"> &#8220;Formation sur la v\u00e9rification g\u00e9n\u00e9rale p\u00e9riodique des appareils de levage&#8221;<\/span><\/a><\/p>\n","protected":false},"author":1,"featured_media":0,"parent":0,"menu_order":0,"comment_status":"closed","ping_status":"closed","template":"","meta":[],"_links":{"self":[{"href":"https:\/\/vgp-services.fr\/index.php\/wp-json\/wp\/v2\/pages\/97"}],"collection":[{"href":"https:\/\/vgp-services.fr\/index.php\/wp-json\/wp\/v2\/pages"}],"about":[{"href":"https:\/\/vgp-services.fr\/index.php\/wp-json\/wp\/v2\/types\/page"}],"author":[{"embeddable":true,"href":"https:\/\/vgp-services.fr\/index.php\/wp-json\/wp\/v2\/users\/1"}],"replies":[{"embeddable":true,"href":"https:\/\/vgp-services.fr\/index.php\/wp-json\/wp\/v2\/comments?post=97"}],"version-history":[{"count":18,"href":"https:\/\/vgp-services.fr\/index.php\/wp-json\/wp\/v2\/pages\/97\/revisions"}],"predecessor-version":[{"id":308,"href":"https:\/\/vgp-services.fr\/index.php\/wp-json\/wp\/v2\/pages\/97\/revisions\/308"}],"wp:attachment":[{"href":"https:\/\/vgp-services.fr\/index.php\/wp-json\/wp\/v2\/media?parent=97"}],"curies":[{"name":"wp","href":"https:\/\/api.w.org\/{rel}","templated":true}]}}